{"id":165,"date":"2025-11-10T10:53:55","date_gmt":"2025-11-10T09:53:55","guid":{"rendered":"https:\/\/si28.it\/?page_id=165"},"modified":"2026-01-29T17:10:42","modified_gmt":"2026-01-29T16:10:42","slug":"emotion","status":"publish","type":"page","link":"https:\/\/si28.it\/en\/emotion\/","title":{"rendered":"\u00e8Motion"},"content":{"rendered":"<p><img loading=\"lazy\" decoding=\"async\" class=\"aligncenter wp-image-171\" src=\"https:\/\/si28.it\/wp-content\/uploads\/2025\/11\/eMotion.png\" alt=\"\" width=\"350\" height=\"55\" srcset=\"https:\/\/si28.it\/wp-content\/uploads\/2025\/11\/eMotion.png 1795w, https:\/\/si28.it\/wp-content\/uploads\/2025\/11\/eMotion-250x39.png 250w, https:\/\/si28.it\/wp-content\/uploads\/2025\/11\/eMotion-700x110.png 700w, https:\/\/si28.it\/wp-content\/uploads\/2025\/11\/eMotion-768x121.png 768w, https:\/\/si28.it\/wp-content\/uploads\/2025\/11\/eMotion-1536x241.png 1536w, https:\/\/si28.it\/wp-content\/uploads\/2025\/11\/eMotion-120x19.png 120w\" sizes=\"auto, (max-width: 350px) 100vw, 350px\" \/><\/p>\n<h1 class=\"cr-title\" style=\"text-align: center;\">Si28 &#8211; \u00e8Motion<\/h1>\n<p>&nbsp;<\/p>\n<h2 style=\"text-align: center;\"><span style=\"color: #72bb23;\"><strong>Il movimento che nasce dalla natura.<\/strong><\/span><\/h2>\n<p>&nbsp;<\/p>\n<p><strong>\u00e8Motion<\/strong> \u00e8 un metodo che unisce scienza, percezione e natura per restituire fluidit\u00e0 al movimento. Attraverso trattamenti con l\u2019utilizzo di materiali naturali, riduce le collisioni muscolari \u2014 le resistenze tra gruppi muscolari agonisti e antagonisti \u2014 favorendo armonia, postura ed equilibrio.<\/p>\n<p>Un principio semplice e rivoluzionario, applicabile su superfici, tessuti, strumenti sportivi e oggetti d\u2019uso quotidiano: tutto ci\u00f2 che entra in contatto con noi pu\u00f2 diventare un facilitatore naturale di benessere.<\/p>\n<p>&nbsp;<\/p>\n<h2 style=\"text-align: center;\"><span style=\"color: #72bb23;\"><strong>\u00e8Motion sta per arrivare.<\/strong><\/span><\/h2>\n<p>&nbsp;<\/p>\n<p>Stiamo completando la piattaforma digitale dove potrai scoprire il metodo, i suoi principi e le sue applicazioni pratiche attraverso contenuti informativi e approfondimenti visivi.<\/p>\n<p>A breve sar\u00e0 disponibile una serie di video dimostrativi che racconteranno come funziona il metodo \u00e8Motion, come applicarlo a mani, piedi e vista, e come trattare materiali e accessori per potenziarne gli effetti naturali.<\/p>\n<p>&nbsp;<\/p>\n<p style=\"text-align: center;\"><em><strong>Un nuovo modo di esplorare il movimento<br \/>\nnaturale, consapevole, senza resistenze.<\/strong><\/em><\/p>\n<p>&nbsp;<\/p>\n<h3 style=\"text-align: center;\">Vuoi ricevere un avviso quando <strong>\u00e8Motion<\/strong> sar\u00e0 online<br \/>\no desideri maggiori informazioni sul metodo?<\/h3>\n<p style=\"text-align: center;\"><span style=\"color: #72bb23;\"><strong>Compila il form per aggiornamenti o chiarimenti<\/strong><\/span><\/p>\n","protected":false},"excerpt":{"rendered":"Si28 &#8211; \u00e8Motion &nbsp; Il movimento che nasce dalla natura. &nbsp; \u00e8Motion \u00e8 un metodo che unisce scienza, percezione e natura per restituire fluidit\u00e0 al movimento. Attraverso trattamenti con l\u2019utilizzo di materiali naturali, riduce le collisioni muscolari \u2014 le resistenze tra gruppi muscolari agonisti e antagonisti \u2014 favorendo armonia, postura ed equilibrio. Un principio semplice&#8230; <a class=\"view-article\" href=\"https:\/\/si28.it\/en\/emotion\/\">View Article<\/a>","protected":false},"author":1,"featured_media":0,"parent":0,"menu_order":11,"comment_status":"closed","ping_status":"closed","template":"06_emotion.php","meta":{"_acf_changed":false,"footnotes":""},"class_list":["post-165","page","type-page","status-publish","hentry"],"acf":[],"_links":{"self":[{"href":"https:\/\/si28.it\/en\/wp-json\/wp\/v2\/pages\/165","targetHints":{"allow":["GET"]}}],"collection":[{"href":"https:\/\/si28.it\/en\/wp-json\/wp\/v2\/pages"}],"about":[{"href":"https:\/\/si28.it\/en\/wp-json\/wp\/v2\/types\/page"}],"author":[{"embeddable":true,"href":"https:\/\/si28.it\/en\/wp-json\/wp\/v2\/users\/1"}],"replies":[{"embeddable":true,"href":"https:\/\/si28.it\/en\/wp-json\/wp\/v2\/comments?post=165"}],"version-history":[{"count":23,"href":"https:\/\/si28.it\/en\/wp-json\/wp\/v2\/pages\/165\/revisions"}],"predecessor-version":[{"id":307,"href":"https:\/\/si28.it\/en\/wp-json\/wp\/v2\/pages\/165\/revisions\/307"}],"wp:attachment":[{"href":"https:\/\/si28.it\/en\/wp-json\/wp\/v2\/media?parent=165"}],"curies":[{"name":"wp","href":"https:\/\/api.w.org\/{rel}","templated":true}]}}